{"id":21500,"date":"2020-02-18T11:54:25","date_gmt":"2020-02-18T10:54:25","guid":{"rendered":"https:\/\/casadolce-italia.de\/trova-una-proprieta\/"},"modified":"2024-11-22T12:24:04","modified_gmt":"2024-11-22T11:24:04","slug":"trova-una-proprieta","status":"publish","type":"page","link":"https:\/\/casadolce-italia.de\/it\/trova-una-proprieta\/","title":{"rendered":"Trova propriet\u00e0"},"content":{"rendered":"\t\t<div data-elementor-type=\"wp-page\" data-elementor-id=\"21500\" class=\"elementor elementor-21500 elementor-52\" data-elementor-post-type=\"page\">\n\t\t\t\t<div class=\"elementor-element elementor-element-0c4bc9a e-con-full e-flex e-con e-parent\" data-id=\"0c4bc9a\" data-element_type=\"container\">\n\t\t\t\t<div class=\"elementor-element elementor-element-046c68a elementor-button-align-start elementor-widget elementor-widget-houzez_elementor_search_builder\" data-id=\"046c68a\" data-element_type=\"widget\" data-widget_type=\"houzez_elementor_search_builder.default\">\n\t\t\t\t<div class=\"elementor-widget-container\">\n\t\t\t\n        <form class=\"houzez-search-form-js houzez-search-builder-form-js\" id=\"houzez-search-046c68a\" method=\"get\" action=\"https:\/\/casadolce-italia.de\/it\/\" >\n\n            \n            <div class=\"houzez-ele-search-form-wrapper elementor-form-fields-wrapper elementor-labels-above\">\n\n                                        <div class=\"elementor-field-group elementor-column form-group elementor-field-group-field-cities elementor-col-25\">\n                    <label for=\"form-field-field-cities\" class=\"elementor-field-label elementor-screen-only\">Regioni<\/label>        <div class=\"elementor-field elementor-select-wrapper\">\n            <select data-size=\"5\" name=\"country[]\" id=\"form-field-field-cities\" class=\"selectpicker bs-select-hidden houzez-field-textual form-control elementor-size-md houzezSelectFilter houzezCountryFilter houzezFirstList houzez-country-js\" data-none-results-text=\"Keine \u00fcbereinstimmenden Ergebnisse {0}\" data-target=\"houzezSecondList\">\n                <option value=\"\">Tutte le regioni<\/option><option data-ref=\"regione-liguria\"   value=\"regione-liguria\">Regione Liguria<\/option><option data-ref=\"regione-lombardia\"   value=\"regione-lombardia\">Regione Lombardia<\/option><option data-ref=\"regione-piemonte\"   value=\"regione-piemonte\">Regione Piemonte<\/option><option data-ref=\"regione-toscana\"   value=\"regione-toscana\">Regione Toscana<\/option><option data-ref=\"regione-veneto\"   value=\"regione-veneto\">Regione Veneto<\/option>            <\/select>\n        <\/div>\n                            <\/div>\n                    \n                                            <div class=\"elementor-field-group elementor-column form-group elementor-field-group-99749df elementor-col-25\">\n                    <label for=\"form-field-99749df\" class=\"elementor-field-label elementor-screen-only\">Tipo\/Arte<\/label>        <div class=\"elementor-field elementor-select-wrapper\">\n            <select data-size=\"5\" name=\"status[]\" id=\"form-field-99749df\" class=\"selectpicker bs-select-hidden houzez-field-textual form-control elementor-size-md status-js\" data-none-results-text=\"Keine \u00fcbereinstimmenden Ergebnisse {0}\">\n                <option value=\"\">Tutte Tipo\/Arte<\/option><option data-ref=\"appartamento\"   value=\"appartamento\">Appartamento<\/option><option data-ref=\"casa\"   value=\"casa\">Casa<\/option><option data-ref=\"proprieta\"   value=\"proprieta\">Propriet\u00e0<\/option>            <\/select>\n        <\/div>\n                            <\/div>\n                    \n                                            <div class=\"elementor-field-group elementor-column form-group elementor-field-group-field-beds elementor-col-25 elementor-sm-50\">\n                    <label for=\"form-field-field-beds\" class=\"elementor-field-label elementor-screen-only\">bagno<\/label>        <div class=\"elementor-field elementor-select-wrapper\">\n            <select data-size=\"5\" name=\"bedrooms\" id=\"form-field-field-beds\" class=\"selectpicker bs-select-hidden houzez-field-textual form-control elementor-size-md\">\n                <option value=\"\">bagno<\/option><option value=\"1\">1<\/option><option value=\"2\">2<\/option><option value=\"3\">3<\/option><option value=\"4\">4<\/option><option value=\"5\">5<\/option><option value=\"6\">6<\/option><option value=\"7\">7<\/option><option value=\"8\">8<\/option><option value=\"9\">9<\/option><option value=\"10\">10<\/option><option value=\"any\">Alle<\/option>            <\/select>\n        <\/div>\n                            <\/div>\n                    \n                                            <div class=\"elementor-field-group elementor-column form-group elementor-field-group-field-baths elementor-col-25 elementor-sm-50\">\n                    <label for=\"form-field-field-baths\" class=\"elementor-field-label elementor-screen-only\">bagno<\/label>        <div class=\"elementor-field elementor-select-wrapper\">\n            <select data-size=\"5\" name=\"bedrooms\" id=\"form-field-field-baths\" class=\"selectpicker bs-select-hidden houzez-field-textual form-control elementor-size-md\">\n                <option value=\"\">bagno<\/option><option value=\"1\">1<\/option><option value=\"2\">2<\/option><option value=\"3\">3<\/option><option value=\"4\">4<\/option><option value=\"5\">5<\/option><option value=\"6\">6<\/option><option value=\"7\">7<\/option><option value=\"8\">8<\/option><option value=\"9\">9<\/option><option value=\"10\">10<\/option><option value=\"any\">Alle<\/option>            <\/select>\n        <\/div>\n                            <\/div>\n                    \n                                            <div class=\"elementor-field-group elementor-column form-group elementor-field-group-field-min-area elementor-col-25 elementor-sm-50\">\n                    <label for=\"form-field-field-min-area\" class=\"elementor-field-label elementor-screen-only\">Superficie minima del terreno <\/label><input type=\"number\" size=\"1\" name=\"min-land-area\" id=\"form-field-field-min-area\" value=\"\" class=\"elementor-field form-control elementor-size-md elementor-field-textual\" placeholder=\"Superficie minima del terreno \">                    <\/div>\n                    \n                                            <div class=\"elementor-field-group elementor-column form-group elementor-field-group-field-max-area elementor-col-25 elementor-sm-50\">\n                    <label for=\"form-field-field-max-area\" class=\"elementor-field-label elementor-screen-only\">Spazio abitativo minimo <\/label><input type=\"number\" size=\"1\" name=\"min-area\" id=\"form-field-field-max-area\" value=\"\" class=\"elementor-field form-control elementor-size-md elementor-field-textual\" placeholder=\"Spazio abitativo minimo \">                    <\/div>\n                    \n                                                <div class=\"elementor-field-group elementor-column elementor-field-type-submit elementor-col-100\">\n                                <button type=\"submit\" class=\"houzez-search-button elementor-button elementor-size-sm\">\n                                                                            Cerca una propriet\u00e0                                                                    <\/button>\n                            <\/div>\n                            \n                    \n            <\/div><!-- End wrapper-->\n\n        <\/form>\n\n        \t\t<\/div>\n\t\t\t\t<\/div>\n\t\t\t\t<\/div>\n\t\t\t\t<\/div>\n\t\t","protected":false},"excerpt":{"rendered":"<p>Regioni Tutte le regioniRegion LigurienRegion LombardeiRegion PiemontRegion ToskanaRegion Venetien Tipo\/Arte Tutte Tipo\/ArteGrundst\u00fcckHausWohnung bagno bagno12345678910Alle bagno bagno12345678910Alle Superficie minima del terreno Spazio abitativo minimo Cerca una propriet\u00e0<\/p>\n","protected":false},"author":4,"featured_media":0,"parent":0,"menu_order":0,"comment_status":"closed","ping_status":"closed","template":"template\/template-listing-grid-v1-fullwidth-3cols.php","meta":{"footnotes":""},"class_list":["post-21500","page","type-page","status-publish","hentry"],"yoast_head":"<!-- This site is optimized with the Yoast SEO plugin v23.7 - https:\/\/yoast.com\/wordpress\/plugins\/seo\/ -->\n<title>Trova propriet\u00e0 | Casa Dolce Italia Immobilien<\/title>\n<meta name=\"description\" content=\"Trova propriet\u00e0 | Ihr Partner f\u00fcr exklusive Immobilien in Italien - hin zu Ihrem Traum vom \u201eDolce Vita\u201c. Mehr erfahren.\" \/>\n<meta name=\"robots\" content=\"index, follow, max-snippet:-1, max-image-preview:large, max-video-preview:-1\" \/>\n<link rel=\"canonical\" href=\"https:\/\/casadolce-italia.de\/it\/trova-una-proprieta\/\" \/>\n<meta property=\"og:locale\" content=\"it_IT\" \/>\n<meta property=\"og:type\" content=\"article\" \/>\n<meta property=\"og:title\" content=\"Trova propriet\u00e0 | Casa Dolce Italia Immobilien\" \/>\n<meta property=\"og:description\" content=\"Trova propriet\u00e0 | Ihr Partner f\u00fcr exklusive Immobilien in Italien - hin zu Ihrem Traum vom \u201eDolce Vita\u201c. Mehr erfahren.\" \/>\n<meta property=\"og:url\" content=\"https:\/\/casadolce-italia.de\/it\/trova-una-proprieta\/\" \/>\n<meta property=\"og:site_name\" content=\"Casa Dolce Italia Immobilien\" \/>\n<meta property=\"article:modified_time\" content=\"2024-11-22T11:24:04+00:00\" \/>\n<meta property=\"og:image\" content=\"https:\/\/casadolce-italia.de\/wp-content\/uploads\/2024\/07\/Toskana-Haus-Immobilie-Kaufen-Norditalien-Makler.jpg\" \/>\n\t<meta property=\"og:image:width\" content=\"1200\" \/>\n\t<meta property=\"og:image:height\" content=\"800\" \/>\n\t<meta property=\"og:image:type\" content=\"image\/jpeg\" \/>\n<meta name=\"twitter:card\" content=\"summary_large_image\" \/>\n<meta name=\"twitter:label1\" content=\"Tempo di lettura stimato\" \/>\n\t<meta name=\"twitter:data1\" content=\"1 minuto\" \/>\n<script type=\"application\/ld+json\" class=\"yoast-schema-graph\">{\"@context\":\"https:\/\/schema.org\",\"@graph\":[{\"@type\":\"WebPage\",\"@id\":\"https:\/\/casadolce-italia.de\/it\/trova-una-proprieta\/\",\"url\":\"https:\/\/casadolce-italia.de\/it\/trova-una-proprieta\/\",\"name\":\"Trova propriet\u00e0 | Casa Dolce Italia Immobilien\",\"isPartOf\":{\"@id\":\"https:\/\/casadolce-italia.de\/it\/#website\"},\"datePublished\":\"2020-02-18T10:54:25+00:00\",\"dateModified\":\"2024-11-22T11:24:04+00:00\",\"description\":\"Trova propriet\u00e0 | Ihr Partner f\u00fcr exklusive Immobilien in Italien - hin zu Ihrem Traum vom \u201eDolce Vita\u201c. Mehr erfahren.\",\"breadcrumb\":{\"@id\":\"https:\/\/casadolce-italia.de\/it\/trova-una-proprieta\/#breadcrumb\"},\"inLanguage\":\"it-IT\",\"potentialAction\":[{\"@type\":\"ReadAction\",\"target\":[\"https:\/\/casadolce-italia.de\/it\/trova-una-proprieta\/\"]}]},{\"@type\":\"BreadcrumbList\",\"@id\":\"https:\/\/casadolce-italia.de\/it\/trova-una-proprieta\/#breadcrumb\",\"itemListElement\":[{\"@type\":\"ListItem\",\"position\":1,\"name\":\"Startseite\",\"item\":\"https:\/\/casadolce-italia.de\/it\/\"},{\"@type\":\"ListItem\",\"position\":2,\"name\":\"Trova propriet\u00e0\"}]},{\"@type\":\"WebSite\",\"@id\":\"https:\/\/casadolce-italia.de\/it\/#website\",\"url\":\"https:\/\/casadolce-italia.de\/it\/\",\"name\":\"Casa Dolce Italia Immobilien\",\"description\":\"Ihr Traum vom &quot;Dolce Vita&quot;\",\"publisher\":{\"@id\":\"https:\/\/casadolce-italia.de\/it\/#organization\"},\"potentialAction\":[{\"@type\":\"SearchAction\",\"target\":{\"@type\":\"EntryPoint\",\"urlTemplate\":\"https:\/\/casadolce-italia.de\/it\/?s={search_term_string}\"},\"query-input\":{\"@type\":\"PropertyValueSpecification\",\"valueRequired\":true,\"valueName\":\"search_term_string\"}}],\"inLanguage\":\"it-IT\"},{\"@type\":\"Organization\",\"@id\":\"https:\/\/casadolce-italia.de\/it\/#organization\",\"name\":\"Casa Dolce Italia Immobilien\",\"url\":\"https:\/\/casadolce-italia.de\/it\/\",\"logo\":{\"@type\":\"ImageObject\",\"inLanguage\":\"it-IT\",\"@id\":\"https:\/\/casadolce-italia.de\/it\/#\/schema\/logo\/image\/\",\"url\":\"https:\/\/casadolce-italia.de\/wp-content\/uploads\/2024\/05\/casa-logo.png\",\"contentUrl\":\"https:\/\/casadolce-italia.de\/wp-content\/uploads\/2024\/05\/casa-logo.png\",\"width\":800,\"height\":306,\"caption\":\"Casa Dolce Italia Immobilien\"},\"image\":{\"@id\":\"https:\/\/casadolce-italia.de\/it\/#\/schema\/logo\/image\/\"}}]}<\/script>\n<!-- \/ Yoast SEO plugin. -->","yoast_head_json":{"title":"Trova propriet\u00e0 | Casa Dolce Italia Immobilien","description":"Trova propriet\u00e0 | Ihr Partner f\u00fcr exklusive Immobilien in Italien - hin zu Ihrem Traum vom \u201eDolce Vita\u201c. Mehr erfahren.","robots":{"index":"index","follow":"follow","max-snippet":"max-snippet:-1","max-image-preview":"max-image-preview:large","max-video-preview":"max-video-preview:-1"},"canonical":"https:\/\/casadolce-italia.de\/it\/trova-una-proprieta\/","og_locale":"it_IT","og_type":"article","og_title":"Trova propriet\u00e0 | Casa Dolce Italia Immobilien","og_description":"Trova propriet\u00e0 | Ihr Partner f\u00fcr exklusive Immobilien in Italien - hin zu Ihrem Traum vom \u201eDolce Vita\u201c. Mehr erfahren.","og_url":"https:\/\/casadolce-italia.de\/it\/trova-una-proprieta\/","og_site_name":"Casa Dolce Italia Immobilien","article_modified_time":"2024-11-22T11:24:04+00:00","og_image":[{"width":1200,"height":800,"url":"https:\/\/casadolce-italia.de\/wp-content\/uploads\/2024\/07\/Toskana-Haus-Immobilie-Kaufen-Norditalien-Makler.jpg","type":"image\/jpeg"}],"twitter_card":"summary_large_image","twitter_misc":{"Tempo di lettura stimato":"1 minuto"},"schema":{"@context":"https:\/\/schema.org","@graph":[{"@type":"WebPage","@id":"https:\/\/casadolce-italia.de\/it\/trova-una-proprieta\/","url":"https:\/\/casadolce-italia.de\/it\/trova-una-proprieta\/","name":"Trova propriet\u00e0 | Casa Dolce Italia Immobilien","isPartOf":{"@id":"https:\/\/casadolce-italia.de\/it\/#website"},"datePublished":"2020-02-18T10:54:25+00:00","dateModified":"2024-11-22T11:24:04+00:00","description":"Trova propriet\u00e0 | Ihr Partner f\u00fcr exklusive Immobilien in Italien - hin zu Ihrem Traum vom \u201eDolce Vita\u201c. Mehr erfahren.","breadcrumb":{"@id":"https:\/\/casadolce-italia.de\/it\/trova-una-proprieta\/#breadcrumb"},"inLanguage":"it-IT","potentialAction":[{"@type":"ReadAction","target":["https:\/\/casadolce-italia.de\/it\/trova-una-proprieta\/"]}]},{"@type":"BreadcrumbList","@id":"https:\/\/casadolce-italia.de\/it\/trova-una-proprieta\/#breadcrumb","itemListElement":[{"@type":"ListItem","position":1,"name":"Startseite","item":"https:\/\/casadolce-italia.de\/it\/"},{"@type":"ListItem","position":2,"name":"Trova propriet\u00e0"}]},{"@type":"WebSite","@id":"https:\/\/casadolce-italia.de\/it\/#website","url":"https:\/\/casadolce-italia.de\/it\/","name":"Casa Dolce Italia Immobilien","description":"Ihr Traum vom &quot;Dolce Vita&quot;","publisher":{"@id":"https:\/\/casadolce-italia.de\/it\/#organization"},"potentialAction":[{"@type":"SearchAction","target":{"@type":"EntryPoint","urlTemplate":"https:\/\/casadolce-italia.de\/it\/?s={search_term_string}"},"query-input":{"@type":"PropertyValueSpecification","valueRequired":true,"valueName":"search_term_string"}}],"inLanguage":"it-IT"},{"@type":"Organization","@id":"https:\/\/casadolce-italia.de\/it\/#organization","name":"Casa Dolce Italia Immobilien","url":"https:\/\/casadolce-italia.de\/it\/","logo":{"@type":"ImageObject","inLanguage":"it-IT","@id":"https:\/\/casadolce-italia.de\/it\/#\/schema\/logo\/image\/","url":"https:\/\/casadolce-italia.de\/wp-content\/uploads\/2024\/05\/casa-logo.png","contentUrl":"https:\/\/casadolce-italia.de\/wp-content\/uploads\/2024\/05\/casa-logo.png","width":800,"height":306,"caption":"Casa Dolce Italia Immobilien"},"image":{"@id":"https:\/\/casadolce-italia.de\/it\/#\/schema\/logo\/image\/"}}]}},"_links":{"self":[{"href":"https:\/\/casadolce-italia.de\/it\/wp-json\/wp\/v2\/pages\/21500"}],"collection":[{"href":"https:\/\/casadolce-italia.de\/it\/wp-json\/wp\/v2\/pages"}],"about":[{"href":"https:\/\/casadolce-italia.de\/it\/wp-json\/wp\/v2\/types\/page"}],"author":[{"embeddable":true,"href":"https:\/\/casadolce-italia.de\/it\/wp-json\/wp\/v2\/users\/4"}],"replies":[{"embeddable":true,"href":"https:\/\/casadolce-italia.de\/it\/wp-json\/wp\/v2\/comments?post=21500"}],"version-history":[{"count":8,"href":"https:\/\/casadolce-italia.de\/it\/wp-json\/wp\/v2\/pages\/21500\/revisions"}],"predecessor-version":[{"id":22112,"href":"https:\/\/casadolce-italia.de\/it\/wp-json\/wp\/v2\/pages\/21500\/revisions\/22112"}],"wp:attachment":[{"href":"https:\/\/casadolce-italia.de\/it\/wp-json\/wp\/v2\/media?parent=21500"}],"curies":[{"name":"wp","href":"https:\/\/api.w.org\/{rel}","templated":true}]}}